{"id":13611,"date":"2020-04-13T22:21:39","date_gmt":"2020-04-13T22:21:39","guid":{"rendered":"http:\/\/tramhuongspa.net\/?page_id=13611"},"modified":"2024-10-27T20:19:22","modified_gmt":"2024-10-27T13:19:22","slug":"contacts","status":"publish","type":"page","link":"https:\/\/tramhuongspa.vn\/vi\/contacts\/","title":{"rendered":"Contacts"},"content":{"rendered":"<div data-elementor-type=\"wp-page\" data-elementor-id=\"13611\" class=\"elementor elementor-13611\">\n\t\t\t\t\t\t<div class=\"elementor-inner\">\n\t\t\t\t<div class=\"elementor-section-wrap\">\n\t\t\t\t\t\t\t\t\t<section class=\"elementor-section elementor-top-section elementor-element elementor-element-3724f34 elementor-section-boxed elementor-section-height-default elementor-section-height-default\" data-id=\"3724f34\" data-element_type=\"section\">\n\t\t\t\t\t\t<div class=\"elementor-container elementor-column-gap-no\">\n\t\t\t\t\t\t\t<div class=\"elementor-row\">\n\t\t\t\t\t<div class=\"elementor-column elementor-col-100 elementor-top-column elementor-element elementor-element-9b8c152\" data-id=\"9b8c152\" data-element_type=\"column\">\n\t\t\t<div class=\"elementor-column-wrap elementor-element-populated\">\n\t\t\t\t\t\t\t<div class=\"elementor-widget-wrap\">\n\t\t\t\t\t\t<div class=\"elementor-element elementor-element-e42573f elementor-widget elementor-widget-lte-icons\" data-id=\"e42573f\" data-element_type=\"widget\" data-widget_type=\"lte-icons.default\">\n\t\t\t\t<div class=\"elementor-widget-container\">\n\t\t\t<ul class=\"lte-block-icon has-descr  icons-count-5 lte-icon-space-md lte-icon-shape-default lte-icon-background-disabled lte-icon-border-disabled lte-icon-color-main lte-icon-divider-dashed lte-icon-inner-padding-no lte-icon-size-small lte-header-color-black lte-icon-type-top lte-icon-align- lte-hover-animation-yes layout-cols5 lte-additional-disabled lte-has-descr\"><li class=\"\"><div   class=\"lte-inner\"><i aria-hidden=\"true\" class=\"fas fa-map-marker-alt\"><\/i><span class=\"lte-icon-content\"> <span class=\"lte-header\"> \u0110\u1ecba ch\u1ec9 <\/span> <span class=\"lte-descr\">\u0110inh Ti\u00ean Ho\u00e0ng, Cam L\u00e2m, <br \/>\nKh\u00e1nh H\u00f2a<\/span><\/span><\/div><\/li><li class=\"\"><div   class=\"lte-inner\"><i aria-hidden=\"true\" class=\"fas fa-phone-alt\"><\/i><span class=\"lte-icon-content\"> <span class=\"lte-header\"> S\u0110T <\/span> <span class=\"lte-descr\">02583 902 333 - 0935845898<\/span><\/span><\/div><\/li><li class=\"\"><div   class=\"lte-inner\"><i aria-hidden=\"true\" class=\"fas fa-envelope\"><\/i><span class=\"lte-icon-content\"> <span class=\"lte-header\"> Email <\/span> <span class=\"lte-descr\">tramhuongspa.vn@gmail.com<\/span><\/span><\/div><\/li><li class=\"\"><a href=\"https:\/\/open.kakao.com\/o\/sUaheCeg\"   class=\"lte-inner\"><svg xmlns=\"http:\/\/www.w3.org\/2000\/svg\" xmlns:xlink=\"http:\/\/www.w3.org\/1999\/xlink\" id=\"Layer_1\" x=\"0px\" y=\"0px\" width=\"100%\" viewbox=\"0 0 512 512\" xml:space=\"preserve\"><path fill=\"#FAE100\" opacity=\"1.000000\" stroke=\"none\" d=\"M332.000000,513.000000  C221.360214,513.000000 111.220421,513.000000 1.040315,513.000000  C1.040315,342.401855 1.040315,171.803696 1.040315,1.102769  C171.556458,1.102769 342.113007,1.102769 512.834778,1.102769  C512.834778,171.666534 512.834778,342.333252 512.834778,513.000000  C452.803680,513.000000 392.651825,513.000000 332.000000,513.000000 M151.717316,415.499817  C151.717560,424.164612 151.543762,432.835205 151.832062,441.490417  C151.910858,443.855957 152.791122,447.432495 154.368927,448.168091  C155.999924,448.928406 159.307327,447.428741 161.228394,446.024445  C180.720093,431.776031 200.036850,417.288208 219.544327,403.061737  C221.281708,401.794708 224.133667,401.133728 226.267807,401.468201  C276.899292,409.403961 323.521088,399.569611 364.639282,368.639038  C402.576965,340.100952 424.563721,301.911987 426.706848,254.029388  C428.833801,206.507401 410.806274,166.576233 375.378906,135.371185  C330.327820,95.689407 277.271240,83.262871 218.946625,95.245132  C147.734436,109.875023 93.509659,167.108902 88.529800,236.385895  C86.455078,265.248230 90.208687,293.225403 104.302200,319.086212  C114.880974,338.497681 130.445267,353.448120 147.766235,366.702515  C150.748810,368.984894 151.873245,371.284637 151.807602,375.009003  C151.575684,388.169037 151.717300,401.335663 151.717316,415.499817 z\"><\/path><path fill=\"#010100\" opacity=\"1.000000\" stroke=\"none\" d=\"M151.717316,414.999817  C151.717300,401.335663 151.575684,388.169037 151.807602,375.009003  C151.873245,371.284637 150.748810,368.984894 147.766235,366.702515  C130.445267,353.448120 114.880974,338.497681 104.302200,319.086212  C90.208687,293.225403 86.455078,265.248230 88.529800,236.385895  C93.509659,167.108902 147.734436,109.875023 218.946625,95.245132  C277.271240,83.262871 330.327820,95.689407 375.378906,135.371185  C410.806274,166.576233 428.833801,206.507401 426.706848,254.029388  C424.563721,301.911987 402.576965,340.100952 364.639282,368.639038  C323.521088,399.569611 276.899292,409.403961 226.267807,401.468201  C224.133667,401.133728 221.281708,401.794708 219.544327,403.061737  C200.036850,417.288208 180.720093,431.776031 161.228394,446.024445  C159.307327,447.428741 155.999924,448.928406 154.368927,448.168091  C152.791122,447.432495 151.910858,443.855957 151.832062,441.490417  C151.543762,432.835205 151.717560,424.164612 151.717316,414.999817 M249.537033,287.004120  C254.770203,279.505096 258.566589,271.429077 260.097626,261.968231  C253.013336,261.968231 246.520996,262.135529 240.043732,261.895752  C236.932816,261.780548 235.309280,262.602936 234.223297,265.718506  C231.902084,272.377838 227.411148,277.559662 221.381622,281.142944  C206.815155,289.799622 192.039902,289.516174 178.079178,280.232269  C163.686996,270.661469 158.885910,256.348877 161.514023,239.701340  C163.852402,224.889114 172.127396,214.242599 186.611847,209.526688  C201.013687,204.837692 214.870544,206.390060 226.177460,217.120560  C230.813278,221.520050 233.693878,227.769058 237.548340,233.434540  C244.452805,233.434540 252.188309,233.434540 260.301544,233.434540  C259.925323,231.583496 259.705566,230.127335 259.330566,228.712311  C250.696304,196.132034 219.519226,177.707840 186.216309,185.489807  C151.998108,193.485657 132.114166,223.129181 137.996231,258.753113  C142.289566,284.755280 158.047729,301.394409 183.280716,308.472321  C208.723816,315.609161 233.821503,307.310181 249.537033,287.004120 M340.042786,268.505157  C340.042786,281.633423 340.042786,294.761688 340.042786,308.061127  C347.699402,308.061127 354.960236,308.061127 361.902252,308.061127  C361.902252,287.189331 362.897003,266.525085 361.582062,246.008850  C360.561646,230.087830 346.690948,219.274246 330.823181,218.866974  C320.413971,218.599808 311.244720,221.286957 303.449524,230.725616  C303.449524,214.280930 303.449524,199.383194 303.449524,184.463715  C295.770172,184.463715 288.664246,184.463715 281.298279,184.463715  C281.298279,225.769012 281.298279,266.830933 281.298279,308.058960  C288.690948,308.058960 295.951324,308.058960 303.679596,308.058960  C303.679596,303.840332 303.658447,299.882080 303.683472,295.924133  C303.765656,282.931946 303.484985,269.922638 304.072418,256.952911  C304.577942,245.791550 312.368896,239.512665 323.875641,239.877441  C334.121002,240.202240 339.839935,246.606323 340.028473,258.012115  C340.080780,261.176666 340.040558,264.342743 340.042786,268.505157 z\"><\/path><path fill=\"#F7DF00\" opacity=\"1.000000\" stroke=\"none\" d=\"M249.310425,287.281799  C233.821503,307.310181 208.723816,315.609161 183.280716,308.472321  C158.047729,301.394409 142.289566,284.755280 137.996231,258.753113  C132.114166,223.129181 151.998108,193.485657 186.216309,185.489807  C219.519226,177.707840 250.696304,196.132034 259.330566,228.712311  C259.705566,230.127335 259.925323,231.583496 260.301544,233.434540  C252.188309,233.434540 244.452805,233.434540 237.548340,233.434540  C233.693878,227.769058 230.813278,221.520050 226.177460,217.120560  C214.870544,206.390060 201.013687,204.837692 186.611847,209.526688  C172.127396,214.242599 163.852402,224.889114 161.514023,239.701340  C158.885910,256.348877 163.686996,270.661469 178.079178,280.232269  C192.039902,289.516174 206.815155,289.799622 221.381622,281.142944  C227.411148,277.559662 231.902084,272.377838 234.223297,265.718506  C235.309280,262.602936 236.932816,261.780548 240.043732,261.895752  C246.520996,262.135529 253.013336,261.968231 260.097626,261.968231  C258.566589,271.429077 254.770203,279.505096 249.310425,287.281799 z\"><\/path><path fill=\"#F6DD00\" opacity=\"1.000000\" stroke=\"none\" d=\"M340.042786,268.006653  C340.040558,264.342743 340.080780,261.176666 340.028473,258.012115  C339.839935,246.606323 334.121002,240.202240 323.875641,239.877441  C312.368896,239.512665 304.577942,245.791550 304.072418,256.952911  C303.484985,269.922638 303.765656,282.931946 303.683472,295.924133  C303.658447,299.882080 303.679596,303.840332 303.679596,308.058960  C295.951324,308.058960 288.690948,308.058960 281.298279,308.058960  C281.298279,266.830933 281.298279,225.769012 281.298279,184.463715  C288.664246,184.463715 295.770172,184.463715 303.449524,184.463715  C303.449524,199.383194 303.449524,214.280930 303.449524,230.725616  C311.244720,221.286957 320.413971,218.599808 330.823181,218.866974  C346.690948,219.274246 360.561646,230.087830 361.582062,246.008850  C362.897003,266.525085 361.902252,287.189331 361.902252,308.061127  C354.960236,308.061127 347.699402,308.061127 340.042786,308.061127  C340.042786,294.761688 340.042786,281.633423 340.042786,268.006653 z\"><\/path><\/svg><span class=\"lte-icon-content\"> <span class=\"lte-header\"> Zoom Kakaotalk <\/span> <span class=\"lte-descr\">https:\/\/open.kakao.com\/o\/sUaheCeg<\/span><\/span><\/a><\/li><li class=\"\"><div   class=\"lte-inner\"><svg xmlns=\"http:\/\/www.w3.org\/2000\/svg\" fill=\"rgb(228, 193, 123)\" width=\"64px\" height=\"64px\" viewbox=\"0 0 24 24\" stroke=\"rgb(228, 193, 123)\"><g id=\"SVGRepo_bgCarrier\" stroke-width=\"0\"><\/g><g id=\"SVGRepo_tracerCarrier\" stroke-linecap=\"round\" stroke-linejoin=\"round\"><\/g><g id=\"SVGRepo_iconCarrier\"><path d=\"M22.125 0H1.875C.839 0 0 .84 0 1.875v20.25C0 23.161.84 24 1.875 24h20.25C23.161 24 24 23.16 24 22.125V1.875C24 .839 23.16 0 22.125 0zM12 18.75c-.591 0-1.17-.041-1.732-.12-.562.396-3.813 2.679-4.12 2.722 0 0-.125.049-.232-.014s-.088-.229-.088-.229c.032-.22.843-3.018.992-3.533-2.745-1.36-4.57-3.769-4.57-6.513 0-4.246 4.365-7.688 9.75-7.688s9.75 3.442 9.75 7.688c0 4.245-4.365 7.687-9.75 7.687zM8.05 9.867h-.878v3.342c0 .296-.252.537-.563.537s-.562-.24-.562-.537V9.867h-.878a.552.552 0 0 1 0-1.101h2.88a.552.552 0 0 1 0 1.101zm10.987 2.957a.558.558 0 0 1 .109.417.559.559 0 0 1-.219.37.557.557 0 0 1-.338.114.558.558 0 0 1-.45-.224l-1.319-1.747-.195.195v1.227a.564.564 0 0 1-.562.563.563.563 0 0 1-.563-.563V9.328a.563.563 0 0 1 1.125 0v1.21l1.57-1.57a.437.437 0 0 1 .311-.126c.14 0 .282.061.388.167a.555.555 0 0 1 .165.356.438.438 0 0 1-.124.343l-1.282 1.281 1.385 1.835zm-8.35-3.502c-.095-.27-.383-.548-.75-.556-.366.008-.654.286-.749.555l-1.345 3.541c-.171.53-.022.728.133.8a.857.857 0 0 0 .357.077c.235 0 .414-.095.468-.248l.279-.73h1.715l.279.73c.054.153.233.248.468.248a.86.86 0 0 0 .357-.078c.155-.071.304-.268.133-.8l-1.345-3.54zm-1.311 2.443.562-1.596.561 1.596H9.376zm5.905 1.383a.528.528 0 0 1-.539.516h-1.804a.528.528 0 0 1-.54-.516v-3.82c0-.31.258-.562.575-.562s.574.252.574.562v3.305h1.195c.297 0 .54.231.54.515z\"><\/path><\/g><\/svg><span class=\"lte-icon-content\"> <span class=\"lte-header\"> Kakaotalk <\/span> <span class=\"lte-descr\">tramhuongspa<\/span><\/span><\/div><\/li><\/ul>\t\t<\/div>\n\t\t\t\t<\/div>\n\t\t\t\t<div class=\"elementor-element elementor-element-16d0b91 elementor-widget elementor-widget-spacer\" data-id=\"16d0b91\" data-element_type=\"widget\" data-widget_type=\"spacer.default\">\n\t\t\t\t<div class=\"elementor-widget-container\">\n\t\t\t\t\t<div class=\"elementor-spacer\">\n\t\t\t<div class=\"elementor-spacer-inner\"><\/div>\n\t\t<\/div>\n\t\t\t\t<\/div>\n\t\t\t\t<\/div>\n\t\t\t\t\t\t<\/div>\n\t\t\t\t\t<\/div>\n\t\t<\/div>\n\t\t\t\t\t\t\t\t<\/div>\n\t\t\t\t\t<\/div>\n\t\t<\/section>\n\t\t\t\t<section class=\"elementor-section elementor-top-section elementor-element elementor-element-0637fe6 elementor-section-boxed elementor-section-height-default elementor-section-height-default\" data-id=\"0637fe6\" data-element_type=\"section\">\n\t\t\t\t\t\t<div class=\"elementor-container elementor-column-gap-default\">\n\t\t\t\t\t\t\t<div class=\"elementor-row\">\n\t\t\t\t\t<div class=\"elementor-column elementor-col-100 elementor-top-column elementor-element elementor-element-5f5bad5\" data-id=\"5f5bad5\" data-element_type=\"column\">\n\t\t\t<div class=\"elementor-column-wrap elementor-element-populated\">\n\t\t\t\t\t\t\t<div class=\"elementor-widget-wrap\">\n\t\t\t\t\t\t<div class=\"elementor-element elementor-element-abea02b elementor-widget elementor-widget-spacer\" data-id=\"abea02b\" data-element_type=\"widget\" data-widget_type=\"spacer.default\">\n\t\t\t\t<div class=\"elementor-widget-container\">\n\t\t\t\t\t<div class=\"elementor-spacer\">\n\t\t\t<div class=\"elementor-spacer-inner\"><\/div>\n\t\t<\/div>\n\t\t\t\t<\/div>\n\t\t\t\t<\/div>\n\t\t\t\t<div class=\"elementor-element elementor-element-c76a175 lte-heading-style-header-subheader elementor-widget elementor-widget-lte-header\" data-id=\"c76a175\" data-element_type=\"widget\" data-widget_type=\"lte-header.default\">\n\t\t\t\t<div class=\"elementor-widget-container\">\n\t\t\t<div class=\"lte-heading lte-style-header-subheader lte-subcolor-main heading-tag-h4 heading-subtag-h6\"><div class=\"lte-heading-content\"><h4 class=\"lte-header\">G\u1eedi tin nh\u1eafn cho ch\u00fang t\u00f4i<\/h4><\/div><\/div>\t\t<\/div>\n\t\t\t\t<\/div>\n\t\t\t\t<div class=\"elementor-element elementor-element-9d9add7 elementor-widget elementor-widget-lte-cf7\" data-id=\"9d9add7\" data-element_type=\"widget\" data-widget_type=\"lte-cf7.default\">\n\t\t\t\t<div class=\"elementor-widget-container\">\n\t\t\t<div class=\"lte-contact-form-7 lte-padding-yes lte-btn-main\">[contact-form-7 id=\"12000\"]<\/div>\t\t<\/div>\n\t\t\t\t<\/div>\n\t\t\t\t\t\t<\/div>\n\t\t\t\t\t<\/div>\n\t\t<\/div>\n\t\t\t\t\t\t\t\t<\/div>\n\t\t\t\t\t<\/div>\n\t\t<\/section>\n\t\t\t\t\t\t\t\t\t<\/div>\n\t\t\t<\/div>\n\t\t\t\t\t<\/div>","protected":false},"excerpt":{"rendered":"<p>\u0110\u1ecba ch\u1ec9 \u0110inh Ti\u00ean Ho\u00e0ng, Cam L\u00e2m, Kh\u00e1nh H\u00f2a S\u0110T 02583 902 333 &#8211; 0935845898 Email tramhuongspa.vn@gmail.com Zoom Kakaotalk https:\/\/open.kakao.com\/o\/sUaheCeg Kakaotalk tramhuongspa G\u1eedi tin nh\u1eafn cho ch\u00fang t\u00f4i &#916;<\/p>","protected":false},"author":1,"featured_media":16348,"parent":0,"menu_order":0,"comment_status":"closed","ping_status":"closed","template":"page-templates\/full-width.php","meta":[],"_links":{"self":[{"href":"https:\/\/tramhuongspa.vn\/vi\/wp-json\/wp\/v2\/pages\/13611"}],"collection":[{"href":"https:\/\/tramhuongspa.vn\/vi\/wp-json\/wp\/v2\/pages"}],"about":[{"href":"https:\/\/tramhuongspa.vn\/vi\/wp-json\/wp\/v2\/types\/page"}],"author":[{"embeddable":true,"href":"https:\/\/tramhuongspa.vn\/vi\/wp-json\/wp\/v2\/users\/1"}],"replies":[{"embeddable":true,"href":"https:\/\/tramhuongspa.vn\/vi\/wp-json\/wp\/v2\/comments?post=13611"}],"version-history":[{"count":29,"href":"https:\/\/tramhuongspa.vn\/vi\/wp-json\/wp\/v2\/pages\/13611\/revisions"}],"predecessor-version":[{"id":17081,"href":"https:\/\/tramhuongspa.vn\/vi\/wp-json\/wp\/v2\/pages\/13611\/revisions\/17081"}],"wp:featuredmedia":[{"embeddable":true,"href":"https:\/\/tramhuongspa.vn\/vi\/wp-json\/wp\/v2\/media\/16348"}],"wp:attachment":[{"href":"https:\/\/tramhuongspa.vn\/vi\/wp-json\/wp\/v2\/media?parent=13611"}],"curies":[{"name":"wp","href":"https:\/\/api.w.org\/{rel}","templated":true}]}}