{"id":16157,"date":"2023-03-08T17:36:57","date_gmt":"2023-03-08T10:36:57","guid":{"rendered":"https:\/\/tramhuongspa.vn\/?page_id=16157"},"modified":"2025-05-09T13:06:29","modified_gmt":"2025-05-09T06:06:29","slug":"ve-tram-huong-spa","status":"publish","type":"page","link":"https:\/\/tramhuongspa.vn\/vi\/ve-tram-huong-spa\/","title":{"rendered":"V\u1ec1 Tr\u1ea7m H\u01b0\u01a1ng Spa"},"content":{"rendered":"<p>Tr\u1ea7m h\u01b0\u01a1ng c\u1ef1c k\u1ef3 qu\u00fd hi\u1ebfm trong t\u1ef1 nhi\u00ean, l\u00e0 linh b\u1ea3o c\u1ee7a Kh\u00e1nh Ho\u00e0. Gi\u1edbi phu tr\u1ea7m th\u01b0\u1eddng truy\u1ec1n nhau c\u00e2u c\u1eeda mi\u1ec7ng \u201cng\u1eadm ng\u1ea3i t\u00ecm tr\u1ea7m\u201d v\u00ec c\u00f4ng vi\u1ec7c t\u00ecm tr\u1ea7m r\u1ea5t v\u1ea5t v\u1ea3, gian nan gi\u1eefa \u0111\u1ea1i ng\u00e0n \u0111\u1ec3 h\u01b0\u1edbng t\u1edbi gi\u1ea5c m\u01a1 tr\u1ea7m, k\u1ef3. Tr\u1ea7m H\u01b0\u01a1ng h\u00ecnh th\u00e0nh b\u1edfi nh\u1ef1a ch\u1ea3y ra t\u1eeb v\u1ebft th\u01b0\u01a1ng tr\u00ean c\u00e2y d\u00f3 b\u1ea7u, hun \u0111\u00fac qua th\u1eddi gian, n\u1eafng gi\u00f3 v\u00e0 c\u00e1c \u0111i\u1ec1u ki\u1ec7n t\u1ef1 nhi\u00ean \u0111\u1eb7c bi\u1ec7t t\u1ea1o th\u00e0nh. H\u01b0\u01a1ng th\u01a1m thanh khi\u1ebft c\u00f3 t\u00ednh \u00f4n, v\u1ecb \u0111\u1eafng, cay s\u1eed d\u1ee5ng trong c\u00e1c b\u00e0i thu\u1ed1c y h\u1ecdc c\u1ed5 truy\u1ec1n.<\/p>\n<p><img decoding=\"async\" src=\"http:\/\/tramhuongspa.vn\/wp-content\/uploads\/2019\/06\/1-1-1024x768.jpg\" alt=\"\" width=\"1024\" height=\"768\"><\/p>\n<p>Tr\u1ea7m H\u01b0\u01a1ng l\u00e0 \u201clinh kh\u00ed c\u1ee7a tr\u1eddi \u0111\u1ea5t\u201d, l\u00e0 b\u00e1u v\u1eadt t\u1ea1o h\u00f3a ban cho ch\u1ee9a \u0111\u1ef1ng ngu\u1ed3n n\u0103ng l\u01b0\u1ee3ng linh thi\u00eang v\u00e0 t\u00e2m linh d\u1ed3i d\u00e0o. L\u1ea5y c\u1ea3m h\u1ee9ng t\u1eeb s\u1ee9c m\u1ea1nh c\u1ee7a thi\u00ean nhi\u00ean, ch\u00fang t\u00f4i \u0111\u00e3 kh\u00e1m ph\u00e1 ra s\u1ef1 k\u1ebft h\u1ee3p ho\u00e0n h\u1ea3o t\u1eeb Tr\u1ea7m H\u01b0\u01a1ng v\u00e0o Spa nh\u1eb1m mang l\u1ea1i nh\u1eefng li\u1ec7u ph\u00e1p chuy\u00ean s\u00e2u, ph\u1ee5c h\u1ed3i s\u1ee9c kho\u1ebb v\u00e0 ch\u0103m s\u00f3c s\u1eafc \u0111\u1eb9p ho\u00e0n ch\u1ec9nh nh\u1ea5t.<\/p>\n<p>Tr\u1ea7m H\u01b0\u01a1ng Spa v\u1edbi kh\u00f4ng gian \u1ea5m \u00e1p, an y\u00ean tho\u1ea3ng kh\u00f3i tr\u1ea7m nh\u00e8 nh\u1eb9, m\u00f9i g\u1ed7 thanh khi\u1ebft, s\u1ebd khi\u1ebfn b\u1ea1n c\u1ea3m th\u1ea5y th\u01b0 gi\u00e3n, tinh th\u1ea7n d\u1ec5 ch\u1ecbu h\u01a1n, b\u1edbt \u0111i nh\u1eefng c\u0103ng th\u1eb3ng v\u00e0 \u0111\u00e1nh th\u1ee9c t\u1ea5t c\u1ea3 c\u00e1c gi\u00e1c quan, mang l\u1ea1i nh\u1eefng gi\u00e2y ph\u00fat ngh\u1ec9 ng\u01a1i th\u1eadt s\u1ef1, s\u1ea1c l\u1ea1i ngu\u1ed3n n\u0103ng l\u01b0\u1ee3ng t\u00edch c\u1ef1c cho m\u1ed7i v\u1ecb kh\u00e1ch gh\u00e9 qua.<\/p>\n<p><img decoding=\"async\" src=\"http:\/\/tramhuongspa.vn\/wp-content\/uploads\/2019\/06\/2-1024x768.jpg\" alt=\"\" width=\"1024\" height=\"768\"><\/p>\n<p>Tr\u1ea7m H\u01b0\u01a1ng Spa c\u00f9ng \u0111\u1ed9i ng\u0169 k\u1ef9 thu\u1eadt vi\u00ean l\u00e2u n\u0103m, b\u1ec1 d\u00e0y kinh nghi\u1ec7m, \u0111\u01b0\u1ee3c \u0111\u00e0o t\u1ea1o chuy\u00ean s\u00e2u. V\u1edbi nh\u1eefng ph\u01b0\u01a1ng ph\u00e1p tr\u1ecb li\u1ec7u d\u01b0\u1ee1ng sinh \u201c\u0111\u1ed9c quy\u1ec1n\u201d v\u00e0 ch\u1ec9 s\u1eed d\u1ee5ng nguy\u00ean li\u1ec7u ho\u00e0n to\u00e0n t\u1eeb thi\u00ean nhi\u00ean k\u1ebft h\u1ee3p v\u1edbi Tr\u1ea7m H\u01b0\u01a1ng.<\/p>\n<p>Xua tan m\u1ecfi m\u1ec7t c\u0103ng th\u1eb3ng trong t\u00e2m tr\u00ed, kh\u00f4ng c\u00f2n c\u1ea3m gi\u00e1c u\u1ec3 o\u1ea3i hay \u0111au nh\u1ee9c t\u1eeb c\u01a1 th\u1ec3, th\u01b0 gi\u00e3n tuy\u1ec7t \u0111\u1ed1i l\u00e0 \u0111i\u1ec1u m\u00e0 Tr\u1ea7m H\u01b0\u01a1ng Spa cam k\u1ebft h\u01b0\u1edbng \u0111\u1ebfn.<\/p>\n<p><img decoding=\"async\" src=\"http:\/\/tramhuongspa.vn\/wp-content\/uploads\/2019\/06\/3-1024x768.jpg\" alt=\"\" width=\"1024\" height=\"768\"><\/p>\n<p>Ch\u0103m s\u00f3c s\u1ee9c kh\u1ecfe d\u01b0\u1ee1ng sinh l\u00e0 ph\u01b0\u01a1ng ph\u00e1p ch\u0103m s\u00f3c s\u1ee9c kh\u1ecfe ch\u1ee7 \u0111\u1ed9ng-gi\u00fap kinh l\u1ea1c v\u00e0 kh\u00ed huy\u1ebft l\u01b0u th\u00f4ng t\u1ed1t \u0111\u1ec3 t\u1eeb \u0111\u00f3 c\u01a1 th\u1ec3 lu\u00f4n kh\u1ecfe m\u1ea1nh.<\/p>\n<p>Tr\u1ea7m H\u01b0\u01a1ng Spa tin r\u1eb1ng s\u1ef1 c\u00e2n b\u1eb1ng l\u00e0 v\u1ebb \u0111\u1eb9p \u0111\u00edch th\u1ef1c, s\u1ee9c kh\u1ecfe v\u00e0 c\u1ea3 trong t\u00e2m h\u1ed3n. H\u00e3y d\u00e0nh t\u00ecnh y\u00eau cho c\u01a1 th\u1ec3 b\u1ea1n: \u201cKinh l\u1ea1c th\u00f4ng su\u1ed1t \u2013 b\u00e1ch b\u1ec7nh kh\u00f4ng sinh\u201d.<\/p>\n<p><img decoding=\"async\" src=\"http:\/\/tramhuongspa.vn\/wp-content\/uploads\/2019\/06\/4-1024x768.jpg\" alt=\"\" width=\"1024\" height=\"768\"><\/p>\n<p>Tr\u1ea7m H\u01b0\u01a1ng Spa<\/p>\n<p>\u201cKinh l\u1ea1c th\u00f4ng su\u1ed1t \u2013 b\u00e1ch b\u1ec7nh kh\u00f4ng sinh<\/p>\n<p>Kinh l\u1ea1c kh\u00f4ng th\u00f4ng \u2013 v\u1ea1n b\u1ec7nh t\u00ecm \u0111\u1ebfn.\u201d<\/p>","protected":false},"excerpt":{"rendered":"<p>Tr\u1ea7m h\u01b0\u01a1ng c\u1ef1c k\u1ef3 qu\u00fd hi\u1ebfm trong t\u1ef1 nhi\u00ean, l\u00e0 linh b\u1ea3o c\u1ee7a Kh\u00e1nh Ho\u00e0. Gi\u1edbi phu tr\u1ea7m th\u01b0\u1eddng truy\u1ec1n nhau c\u00e2u c\u1eeda mi\u1ec7ng \u201cng\u1eadm ng\u1ea3i t\u00ecm tr\u1ea7m\u201d v\u00ec c\u00f4ng vi\u1ec7c t\u00ecm tr\u1ea7m r\u1ea5t v\u1ea5t v\u1ea3, gian nan gi\u1eefa \u0111\u1ea1i ng\u00e0n \u0111\u1ec3 h\u01b0\u1edbng t\u1edbi gi\u1ea5c m\u01a1 tr\u1ea7m, k\u1ef3. Tr\u1ea7m H\u01b0\u01a1ng h\u00ecnh th\u00e0nh b\u1edfi nh\u1ef1a ch\u1ea3y [&hellip;]<\/p>","protected":false},"author":1,"featured_media":0,"parent":0,"menu_order":0,"comment_status":"closed","ping_status":"closed","template":"","meta":[],"_links":{"self":[{"href":"https:\/\/tramhuongspa.vn\/vi\/wp-json\/wp\/v2\/pages\/16157"}],"collection":[{"href":"https:\/\/tramhuongspa.vn\/vi\/wp-json\/wp\/v2\/pages"}],"about":[{"href":"https:\/\/tramhuongspa.vn\/vi\/wp-json\/wp\/v2\/types\/page"}],"author":[{"embeddable":true,"href":"https:\/\/tramhuongspa.vn\/vi\/wp-json\/wp\/v2\/users\/1"}],"replies":[{"embeddable":true,"href":"https:\/\/tramhuongspa.vn\/vi\/wp-json\/wp\/v2\/comments?post=16157"}],"version-history":[{"count":11,"href":"https:\/\/tramhuongspa.vn\/vi\/wp-json\/wp\/v2\/pages\/16157\/revisions"}],"predecessor-version":[{"id":17143,"href":"https:\/\/tramhuongspa.vn\/vi\/wp-json\/wp\/v2\/pages\/16157\/revisions\/17143"}],"wp:attachment":[{"href":"https:\/\/tramhuongspa.vn\/vi\/wp-json\/wp\/v2\/media?parent=16157"}],"curies":[{"name":"wp","href":"https:\/\/api.w.org\/{rel}","templated":true}]}}